{"id":16315,"date":"2025-04-21T11:27:05","date_gmt":"2025-04-21T09:27:05","guid":{"rendered":"https:\/\/vre.es\/?page_id=16315"},"modified":"2026-03-03T11:43:00","modified_gmt":"2026-03-03T10:43:00","slug":"contacto","status":"publish","type":"page","link":"https:\/\/vre.es\/es\/contacto\/","title":{"rendered":"Contacto"},"content":{"rendered":"\n<section class=\"wp-block-group mx-4 mx-xxxl-6 is-horizontal is-layout-flex wp-block-group-is-layout-flex\">\n<div class=\"wp-block-group container-full is-horizontal is-layout-flex wp-block-group-is-layout-flex\">\n<div class=\"wp-block-group row g-0 is-layout-flex wp-block-group-is-layout-flex\">\n<div class=\"wp-block-group col-lg-6 col-xxxl-9 is-layout-flex wp-block-group-is-layout-flex\">\n    <div style=\"text-align: center; padding: 20px; background-color: #f0f0f0; border: 1px dashed #ccc;min-height:100%\">\n        <h3>Google Map Block<\/h3>\n        <p><em>(Editor preview: Functional map will be displayed on the frontend)<\/em><\/p>\n                 <p>Selected style: File                    <\/p>\n    <\/div>\n<\/div>\n\n\n\n<div class=\"wp-block-group col is-layout-flex wp-block-group-is-layout-flex\">\n<div class=\"wp-block-group py-8 px-6 shadow is-layout-flex wp-block-group-is-layout-flex\">\n<h2 class=\"wp-block-heading h2 has-decor has-decor--end\"><bdo lang=\"wrapper\" dir=\"ltr\">Cont\u00e1ctenos<\/bdo><\/h2>\n\n\n\n<p>Un representante se pondr\u00e1 en contacto con usted en breve.<\/p>\n\n\n<form action=\"https:\/\/vre.es\/es\/wp-json\/ws-form\/v1\/submit\" class=\"wsf-form wsf-form-canvas\" id=\"ws-form-1\" data-id=\"14\" method=\"POST\" data-instance-id=\"1\" data-wsf-style-id=\"3\"><\/form><\/div>\n<\/div>\n<\/div>\n<\/div>\n<\/section>\n\n\n\n<section class=\"wp-block-group mb-6 py-6 is-horizontal is-layout-flex wp-block-group-is-layout-flex\" data-aos-group=\"fade\">\n<div class=\"wp-block-group container is-horizontal is-layout-flex wp-block-group-is-layout-flex\">\n<div class=\"wp-block-group row row-cols-xl-auto g-6 justify-content-between is-layout-flex wp-block-group-is-layout-flex\">\n<div class=\"wp-block-group d-flex gap-4 is-layout-flex wp-block-group-is-layout-flex\" data-aos-child=\"\">\n<div class=\"wp-block-boldblocks-svg-block d-block svg-b-1\"><div class=\"wp-block-boldblocks-svg-block__inner sm-svg-width\" style=\"--bb--width--sm:var(--bb--width--lg);--bb--width--md:var(--bb--width--lg);--bb--width--lg:auto\"><svg xmlns=\"http:\/\/www.w3.org\/2000\/svg\" width=\"48\" height=\"48\">\n  <g fill=\"none\" stroke=\"currentColor\" stroke-linecap=\"square\" stroke-miterlimit=\"10\" stroke-width=\"2\">\n    <path d=\"M40 18c0 11-16 27-16 27S8 29 8 18C8 7.875 16.268 2 24 2s16 5.875 16 16z\"><\/path>\n    <circle cx=\"24\" cy=\"18\" r=\"5\"><\/circle>\n  <\/g>\n<\/svg><\/div><\/div>\n\n\n\n<p class=\"fs-5\"><a href=\"https:\/\/maps.app.goo.gl\/J4eLv4wspyWVStFH6\" data-type=\"link\" data-id=\"https:\/\/maps.app.goo.gl\/J4eLv4wspyWVStFH6\" target=\"_blank\" rel=\"noreferrer noopener\">Av. De La Alquer\u00eda, 1 <br>El Patio de Tramores, Planta 2 <br>29679, Benahav\u00eds, Spain<\/a><\/p>\n<\/div>\n\n\n\n<div class=\"wp-block-group d-flex gap-4 is-layout-flex wp-block-group-is-layout-flex\" data-aos-child=\"\">\n<div class=\"wp-block-boldblocks-svg-block d-block svg-b-2\"><div class=\"wp-block-boldblocks-svg-block__inner sm-svg-width\" style=\"--bb--width--sm:var(--bb--width--lg);--bb--width--md:var(--bb--width--lg);--bb--width--lg:auto\"><svg xmlns=\"http:\/\/www.w3.org\/2000\/svg\" width=\"48\" height=\"48\">\n  <g fill=\"none\" stroke=\"currentColor\" stroke-linecap=\"square\" stroke-miterlimit=\"10\" stroke-width=\"2\">\n    <path d=\"M28 2a18 18 0 0 1 18 18M28 10a10 10 0 0 1 10 10M31.041 28.94l-3.423 4.279a36.116 36.116 0 0 1-12.836-12.835l4.279-3.423a2.908 2.908 0 0 0 .84-3.45L16 4.728a2.908 2.908 0 0 0-3.39-1.635L5.186 5.019A2.925 2.925 0 0 0 3.028 8.25a43.142 43.142 0 0 0 36.723 36.723 2.925 2.925 0 0 0 3.23-2.158l1.926-7.425A2.91 2.91 0 0 0 43.273 32l-8.782-3.9a2.907 2.907 0 0 0-3.45.84Z\"><\/path>\n  <\/g>\n<\/svg><\/div><\/div>\n\n\n\n<p class=\"fs-5\"><a href=\"tel:0034952847240\">(+34) 952 847 240<\/a><br><a href=\"tel:0034618381358\" data-type=\"tel\" data-id=\"tel:0034618381358\">(+34) 618 381 358<\/a><\/p>\n<\/div>\n\n\n\n<div class=\"wp-block-group d-flex gap-4 is-layout-flex wp-block-group-is-layout-flex\" data-aos-child=\"\">\n<div class=\"wp-block-boldblocks-svg-block d-block svg-b-3\"><div class=\"wp-block-boldblocks-svg-block__inner sm-svg-width\" style=\"--bb--width--sm:var(--bb--width--lg);--bb--width--md:var(--bb--width--lg);--bb--width--lg:auto\"><svg xmlns=\"http:\/\/www.w3.org\/2000\/svg\" width=\"48\" height=\"48\">\n  <g fill=\"none\" stroke=\"currentColor\" stroke-linecap=\"square\" stroke-miterlimit=\"10\" stroke-width=\"2\">\n    <path d=\"M2 21v17a4 4 0 0 0 4 4h36a4 4 0 0 0 4-4V21\"><\/path>\n    <path d=\"M46 14v-4a4 4 0 0 0-4-4H6a4 4 0 0 0-4 4v4l22 14Z\"><\/path>\n  <\/g>\n<\/svg><\/div><\/div>\n\n\n\n<p class=\"fs-5\"><a href=\"mailto:info@vre.es\">info@vre.es<\/a><\/p>\n<\/div>\n<\/div>\n<\/div>\n<\/section>\n","protected":false},"excerpt":{"rendered":"<p>Cont\u00e1ctenos Un representante se pondr\u00e1 en contacto con usted en breve. Av. De La Alquer\u00eda, 1 El Patio de Tramores, Planta 2 29679, Benahav\u00eds, Spain (+34) 952 847 240(+34) 618 381 358 info@vre.es<\/p>\n","protected":false},"author":1,"featured_media":0,"parent":0,"menu_order":0,"comment_status":"closed","ping_status":"closed","template":"","meta":{"footnotes":""},"page-category":[],"class_list":["post-16315","page","type-page","status-publish","hentry"],"_links":{"self":[{"href":"https:\/\/vre.es\/es\/wp-json\/wp\/v2\/pages\/16315","targetHints":{"allow":["GET"]}}],"collection":[{"href":"https:\/\/vre.es\/es\/wp-json\/wp\/v2\/pages"}],"about":[{"href":"https:\/\/vre.es\/es\/wp-json\/wp\/v2\/types\/page"}],"author":[{"embeddable":true,"href":"https:\/\/vre.es\/es\/wp-json\/wp\/v2\/users\/1"}],"replies":[{"embeddable":true,"href":"https:\/\/vre.es\/es\/wp-json\/wp\/v2\/comments?post=16315"}],"version-history":[{"count":3,"href":"https:\/\/vre.es\/es\/wp-json\/wp\/v2\/pages\/16315\/revisions"}],"predecessor-version":[{"id":27371,"href":"https:\/\/vre.es\/es\/wp-json\/wp\/v2\/pages\/16315\/revisions\/27371"}],"wp:attachment":[{"href":"https:\/\/vre.es\/es\/wp-json\/wp\/v2\/media?parent=16315"}],"wp:term":[{"taxonomy":"page-category","embeddable":true,"href":"https:\/\/vre.es\/es\/wp-json\/wp\/v2\/page-category?post=16315"}],"curies":[{"name":"wp","href":"https:\/\/api.w.org\/{rel}","templated":true}]}}