{"id":16342,"date":"2025-04-16T10:21:21","date_gmt":"2025-04-16T08:21:21","guid":{"rendered":"https:\/\/vre.es\/?page_id=16342"},"modified":"2025-05-30T12:25:32","modified_gmt":"2025-05-30T10:25:32","slug":"servicios","status":"publish","type":"page","link":"https:\/\/vre.es\/es\/servicios\/","title":{"rendered":"Servicios"},"content":{"rendered":"\n<section class=\"wp-block-group is-horizontal is-layout-flex wp-block-group-is-layout-flex\">\n<div class=\"wp-block-group container-xxl is-horizontal is-layout-flex wp-block-group-is-layout-flex\">\n<h1 class=\"wp-block-heading h1 has-decor has-decor--end\" data-aos-split=\"chars\" data-aos=\"split-up-blur\"><bdo lang=\"wrapper\" dir=\"ltr\">Servicios<\/bdo><\/h1>\n<\/div>\n<\/section>\n\n\n\n<section id=\"buying-process\" class=\"wp-block-group is-horizontal is-layout-flex wp-block-group-is-layout-flex\" data-aos-stagger-gap=\"280\" data-aos-duration=\"1000\" data-aos-group=\"fade\">\n<div class=\"wp-block-group container mw-1200 overflow-hidden is-horizontal is-layout-flex wp-block-group-is-layout-flex\">\n<div class=\"wp-block-group row row-cols-lg-2 align-items-center g-6 is-horizontal is-layout-flex wp-block-group-is-layout-flex\">\n<div class=\"wp-block-group is-horizontal is-layout-flex wp-block-group-is-layout-flex\">\n<div class=\"wp-block-group ratio-square overflow-hidden is-horizontal is-layout-flex wp-block-group-is-layout-flex\" data-aos-child=\"clip-right\">\n\n    \n        <img loading=\"lazy\" decoding=\"async\"\n                        src=\"https:\/\/vre.es\/wp-content\/uploads\/2025\/04\/explaining-details-PYN2MSX_opt.jpg\"\n            width=\"2560\"\n            height=\"1706\"\n            class='img-fluid w-100 min-ph-110 object-fit-cover'            data-speed=\"auto\" \/>\n\n        \n<\/div>\n<\/div>\n\n\n\n<div class=\"wp-block-group d-grid gap-4 is-horizontal is-layout-flex wp-block-group-is-layout-flex\">\n<h2 class=\"wp-block-heading h2 has-decor has-decor--end mb-0\" data-aos-split=\"chars\" data-aos-child=\"split-up-blur\"><bdo lang=\"wrapper\" dir=\"ltr\">Proceso de Compra<\/bdo><\/h2>\n\n\n\n<div class=\"wp-block-group is-layout-flex wp-block-group-is-layout-flex\">\n<p data-aos-child=\"\">En Valdemar Real Estate, aseguramos una experiencia de compra de vivienda sin problemas a trav\u00e9s de un proceso estructurado. Comenzamos con una consulta para entender sus necesidades, seguida de una b\u00fasqueda de propiedades a medida y visitas programadas. Una vez que encuentre la casa adecuada, le ayudamos a hacer ofertas competitivas, negociar los t\u00e9rminos y llevar a cabo la diligencia debida, incluyendo inspecciones y controles legales. Nuestro equipo coordina el proceso de cierre, asegur\u00e1ndose de que todo el papeleo y los contratos est\u00e9n en orden para una transacci\u00f3n sin problemas.<\/p>\n<\/div>\n\n\n\n\n    \n        \n        \n            <a data-aos-child=\"\"\n                href='#takeAction'                                class='btn btn-outline-onyx place-self-start'                >\n                Solicite m\u00e1s informaci\u00f3n            <\/a>\n\n        \n    \n    <\/div>\n<\/div>\n<\/div>\n<\/section>\n\n\n\n<section id=\"after-sale-services\" class=\"wp-block-group is-horizontal is-layout-flex wp-block-group-is-layout-flex\" data-aos-stagger-gap=\"280\" data-aos-duration=\"1000\" data-aos-group=\"fade\">\n<div class=\"wp-block-group container mw-1200 overflow-hidden is-horizontal is-layout-flex wp-block-group-is-layout-flex\">\n<div class=\"wp-block-group row row-cols-lg-2 align-items-center g-6 flex-row-reverse is-horizontal is-layout-flex wp-block-group-is-layout-flex\">\n<div class=\"wp-block-group is-horizontal is-layout-flex wp-block-group-is-layout-flex\">\n<div class=\"wp-block-group ratio-square overflow-hidden is-horizontal is-layout-flex wp-block-group-is-layout-flex\" data-aos-child=\"clip-left\">\n\n    \n        <img loading=\"lazy\" decoding=\"async\"\n                        src=\"https:\/\/vre.es\/wp-content\/uploads\/2025\/04\/professional-architect-makes-notes-in-a-notebook-9PEZW6B_opt.jpg\"\n            width=\"2560\"\n            height=\"1706\"\n            class='img-fluid w-100 min-ph-110 object-fit-cover'            data-speed=\"auto\" \/>\n\n        \n<\/div>\n<\/div>\n\n\n\n<div class=\"wp-block-group d-grid gap-4 is-horizontal is-layout-flex wp-block-group-is-layout-flex\">\n<h2 class=\"wp-block-heading h2 has-decor has-decor--end mb-0\" data-aos-split=\"chars\" data-aos-child=\"split-up-blur\"><bdo lang=\"wrapper\" dir=\"ltr\">Servicios Posventa<\/bdo><\/h2>\n\n\n\n<div class=\"wp-block-group is-layout-flex wp-block-group-is-layout-flex\">\n<p data-aos-child=\"\">En Valdemar Real Estate, nuestro compromiso no termina en el cierre. Ofrecemos servicios post-venta integrales, incluyendo asistencia con la gesti\u00f3n de la propiedad, renovaciones y recomendaciones de dise\u00f1o de interiores. Nuestro equipo le pone en contacto con proveedores de servicios de confianza para el mantenimiento, la instalaci\u00f3n de servicios p\u00fablicos y la orientaci\u00f3n jur\u00eddica o financiera si es necesario. Tanto si es propietario como inversor, le aseguramos una transici\u00f3n fluida y un apoyo continuo para proteger su inversi\u00f3n. Con Valdemar Real Estate, usted tiene un socio de confianza, incluso despu\u00e9s de que el acuerdo est\u00e1 hecho.<\/p>\n<\/div>\n\n\n\n\n    \n        \n        \n            <a data-aos-child=\"\"\n                href='#takeAction'                                class='btn btn-outline-onyx place-self-start'                >\n                Solicite m\u00e1s informaci\u00f3n            <\/a>\n\n        \n    \n    <\/div>\n<\/div>\n<\/div>\n<\/section>\n\n\n\n<section id=\"legal-department\" class=\"wp-block-group is-horizontal is-layout-flex wp-block-group-is-layout-flex\" data-aos-stagger-gap=\"280\" data-aos-duration=\"1000\" data-aos-group=\"fade\">\n<div class=\"wp-block-group container mw-1200 overflow-hidden is-horizontal is-layout-flex wp-block-group-is-layout-flex\">\n<div class=\"wp-block-group row row-cols-lg-2 align-items-center g-6 is-horizontal is-layout-flex wp-block-group-is-layout-flex\">\n<div class=\"wp-block-group is-horizontal is-layout-flex wp-block-group-is-layout-flex\">\n<div class=\"wp-block-group ratio-square overflow-hidden is-horizontal is-layout-flex wp-block-group-is-layout-flex\" data-aos-child=\"clip-right\">\n\n    \n        <img loading=\"lazy\" decoding=\"async\"\n                        src=\"https:\/\/vre.es\/wp-content\/uploads\/2025\/04\/concepts-of-legal-services-the-lawyer-provides-VJM5WGW_opt.jpg\"\n            width=\"2560\"\n            height=\"1439\"\n            class='img-fluid w-100 min-ph-110 object-fit-cover'            data-speed=\"auto\" \/>\n\n        \n<\/div>\n<\/div>\n\n\n\n<div class=\"wp-block-group d-grid gap-4 is-horizontal is-layout-flex wp-block-group-is-layout-flex\">\n<h2 class=\"wp-block-heading h2 has-decor has-decor--end mb-0\" data-aos-split=\"chars\" data-aos-child=\"split-up-blur\"><bdo lang=\"wrapper\" dir=\"ltr\">\u00c1rea Legal<\/bdo><\/h2>\n\n\n\n<div class=\"wp-block-group is-layout-flex wp-block-group-is-layout-flex\">\n<p data-aos-child=\"\">En Valdemar Real Estate, priorizamos una transacci\u00f3n inmobiliaria segura y transparente recomendando los mejores servicios legales. Ponemos en contacto a nuestros clientes con experimentados abogados inmobiliarios especializados en derecho de la propiedad, revisi\u00f3n de contratos, verificaci\u00f3n de t\u00edtulos y todos los procedimientos legales necesarios. Ya sea que est\u00e9 comprando, vendiendo o invirtiendo, nuestros socios legales de confianza garantizan el cumplimiento, protegen sus intereses y proporcionan orientaci\u00f3n experta en cada paso del camino. Con Valdemar Real Estate, puede avanzar con confianza, sabiendo que su transacci\u00f3n est\u00e1 en buenas manos.<\/p>\n<\/div>\n\n\n\n\n    \n        \n        \n            <a data-aos-child=\"\"\n                href='#takeAction'                                class='btn btn-outline-onyx place-self-start'                >\n                Solicite m\u00e1s informaci\u00f3n            <\/a>\n\n        \n    \n    <\/div>\n<\/div>\n<\/div>\n<\/section>\n\n\n\n<section class=\"wp-block-group mx-4 mx-xxxl-6 position-relative is-horizontal is-layout-flex wp-block-group-is-layout-flex\" data-aos-stagger-gap=\"360\" data-aos-duration=\"1200\" data-aos-group=\"fade\">\n<div class=\"wp-block-group h-100 w-100 overflow-hidden position-absolute is-horizontal is-layout-flex wp-block-group-is-layout-flex\">\n\n    \n        <img loading=\"lazy\" decoding=\"async\"\n                        src=\"https:\/\/vre.es\/wp-content\/uploads\/2025\/04\/two-unrecognizable-business-man-shake-hand-63J9V7E_opt-e1745235662126.jpg\"\n            width=\"2560\"\n            height=\"1498\"\n            class='img-fluid w-100 min-ph-110 object-fit-cover'            data-speed=\"auto\" \/>\n\n        \n<\/div>\n\n\n\n<div class=\"wp-block-group container-full position-relative z-1 is-horizontal is-layout-flex wp-block-group-is-layout-flex\">\n<div class=\"wp-block-group row row-cols-lg-2 row-cols-xxxl-3 justify-content-end is-layout-flex wp-block-group-is-layout-flex\">\n<div class=\"wp-block-group is-layout-flex wp-block-group-is-layout-flex\">\n<div id=\"takeAction\" class=\"wp-block-group py-8 px-6 bg-onyx bg-opacity-90 text-snow is-layout-flex wp-block-group-is-layout-flex\" data-aos-child=\"clip-left\">\n<h2 class=\"wp-block-heading h2 has-decor has-decor--end\" style=\"--delay: 1100ms;\" data-aos-child=\"split-up-blur\"><bdo lang=\"wrapper\" dir=\"ltr\">Solicite M\u00e1s Informaci\u00f3n<\/bdo><\/h2>\n\n\n\n<p data-aos-split=\"lines\" data-aos-child=\"split-up-clip-down\">Un representante se pondr\u00e1 en contacto con usted en breve.<\/p>\n\n\n<form data-aos-child=\"\" action=\"https:\/\/vre.es\/es\/wp-json\/ws-form\/v1\/submit\" class=\"wsf-form wsf-form-canvas dark\" id=\"ws-form-1\" data-id=\"14\" method=\"POST\" data-instance-id=\"1\" data-wsf-style-id=\"3\"><\/form><\/div>\n<\/div>\n<\/div>\n<\/div>\n<\/section>\n","protected":false},"excerpt":{"rendered":"<p>Servicios Proceso de Compra En Valdemar Real Estate, aseguramos una experiencia de compra de vivienda sin problemas a trav\u00e9s de un proceso estructurado. Comenzamos con una consulta para entender sus necesidades, seguida de una b\u00fasqueda de propiedades a medida y visitas programadas. Una vez que encuentre la casa adecuada, le ayudamos a hacer ofertas competitivas, [&hellip;]<\/p>\n","protected":false},"author":1,"featured_media":0,"parent":0,"menu_order":0,"comment_status":"closed","ping_status":"closed","template":"","meta":{"footnotes":""},"page-category":[],"class_list":["post-16342","page","type-page","status-publish","hentry"],"_links":{"self":[{"href":"https:\/\/vre.es\/es\/wp-json\/wp\/v2\/pages\/16342","targetHints":{"allow":["GET"]}}],"collection":[{"href":"https:\/\/vre.es\/es\/wp-json\/wp\/v2\/pages"}],"about":[{"href":"https:\/\/vre.es\/es\/wp-json\/wp\/v2\/types\/page"}],"author":[{"embeddable":true,"href":"https:\/\/vre.es\/es\/wp-json\/wp\/v2\/users\/1"}],"replies":[{"embeddable":true,"href":"https:\/\/vre.es\/es\/wp-json\/wp\/v2\/comments?post=16342"}],"version-history":[{"count":0,"href":"https:\/\/vre.es\/es\/wp-json\/wp\/v2\/pages\/16342\/revisions"}],"wp:attachment":[{"href":"https:\/\/vre.es\/es\/wp-json\/wp\/v2\/media?parent=16342"}],"wp:term":[{"taxonomy":"page-category","embeddable":true,"href":"https:\/\/vre.es\/es\/wp-json\/wp\/v2\/page-category?post=16342"}],"curies":[{"name":"wp","href":"https:\/\/api.w.org\/{rel}","templated":true}]}}